{"id":717,"date":"2014-11-04T17:07:15","date_gmt":"2014-11-04T15:07:15","guid":{"rendered":"https:\/\/www.medewo.com\/blog\/?page_id=717"},"modified":"2024-04-08T10:43:39","modified_gmt":"2024-04-08T08:43:39","slug":"impressum","status":"publish","type":"page","link":"https:\/\/www.medewo.com\/blog\/de\/impressum\/","title":{"rendered":"Impressum"},"content":{"rendered":"<div class=\"wpb-content-wrapper\"><p>[vc_row][vc_column][vc_column_text]Die MEDEWO GmbH ist eine Tochter der MEDEWO Holding AG mit Sitz in Meisterschwanden (CH).<br \/>\nGesch\u00e4ftsf\u00fchrer der MEDEWO GmbH in Augsburg ist:<\/p>\n<p>Michael Villiger<\/p>\n<table style=\"width: 100%;\">\n<tbody>\n<tr>\n<td style=\"width: 20%;\" scope=\"col\"><strong>Anschrift:<\/strong><\/td>\n<td style=\"width: 80%;\" scope=\"col\">MEDEWO GmbH<br \/>\nEndorferstra\u00dfe 5<br \/>\nD-86167 Augsburg<\/td>\n<\/tr>\n<tr>\n<td style=\"width: 20px;\"><strong>B\u00fcrozeiten:<\/strong><\/td>\n<td style=\"width: 50px;\">Mo &#8211; Do 7.30 bis 17.15 Uhr<br \/>\nFr 7.30 bis 16.00 Uhr<\/td>\n<\/tr>\n<tr>\n<td style=\"width: 20px;\"><strong>Telefon:<\/strong><\/td>\n<td style=\"width: 50px;\">+49 (0) 821 455 423 0<\/td>\n<\/tr>\n<tr>\n<td style=\"width: 20px;\"><strong>Fax:<\/strong><\/td>\n<td style=\"width: 50px;\">+49 (0) 821 455 423 32<\/td>\n<\/tr>\n<tr>\n<td style=\"width: 20px;\"><strong>E-Mail:<\/strong><\/td>\n<td style=\"width: 50px;\"><a href=\"mailto:office@medewo.de\" target=\"_blank\" rel=\"noopener noreferrer\">office@medewo.de<\/a><\/td>\n<\/tr>\n<tr>\n<td style=\"width: 20px;\"><strong>Mwst.-Nr.:<\/strong><\/td>\n<td style=\"width: 50px;\">DE 812 984 579<\/td>\n<\/tr>\n<\/tbody>\n<\/table>\n<p>Registergericht: Amtsgericht Augsburg<br \/>\nHandelsregister Registernummer: 27086<\/p>\n<p>Verantwortlich f\u00fcr den Inhalt dieses Angebots gem. \u00a7 18 Abs. 2 MStV::<br \/>\nMichael Villiger, Endorferstra\u00dfe 5, 86167 Augsburg<\/p>\n<p>Infos, Datenausk\u00fcnfte und Beschwerden richten Sie bitte an: <a href=\"mailto:office@medewo.de\">office@medewo.de<\/a><\/p>\n<p>Die auf dieser Webseite bereitgestellten Informationen werden durch MEDEWO sorgf\u00e4ltig gepr\u00fcft und regelm\u00e4\u00dfig aktualisiert. Dennoch kann MEDEWO keine Haftung oder Garantie f\u00fcr die Aktualit\u00e4t, Richtigkeit und Vollst\u00e4ndigkeit der zur Verf\u00fcgung gestellten Informationen und Software \u00fcbernehmen. Gleiches gilt auch f\u00fcr den Inhalt der Websites, auf die mittels Hyperlink verwiesen wird. Die MEDEWO ist f\u00fcr den Inhalt der Websites, die aufgrund einer solchen Verbindung erreicht werden, nicht verantwortlich. Die Vervielf\u00e4ltigung von Informationen und Daten, insbesondere die Verwendung von Bilddaten, Texten und Textteilen bedarf der vorherigen Zustimmung der MEDEWO.[\/vc_column_text][\/vc_column][\/vc_row]<\/p>\n<\/div>","protected":false},"excerpt":{"rendered":"<p>[vc_row][vc_column][vc_column_text]Die MEDEWO GmbH ist eine Tochter der MEDEWO Holding AG mit Sitz in Meisterschwanden (CH). Gesch\u00e4ftsf\u00fchrer der MEDEWO GmbH in Augsburg ist: Michael Villiger Anschrift: MEDEWO GmbH Endorferstra\u00dfe 5 D-86167 Augsburg B\u00fcrozeiten: Mo &#8211; Do 7.30 bis 17.15 Uhr Fr 7.30 bis 16.00 Uhr Telefon: +49 (0) 821 455 423 0 Fax: +49 (0) 821&hellip;<\/p>\n","protected":false},"author":1,"featured_media":0,"parent":0,"menu_order":0,"comment_status":"closed","ping_status":"closed","template":"","meta":{"pgc_sgb_lightbox_settings":"","footnotes":""},"class_list":["post-717","page","type-page","status-publish","hentry","description-off"],"yoast_head":"<!-- This site is optimized with the Yoast SEO plugin v27.1.1 - https:\/\/yoast.com\/product\/yoast-seo-wordpress\/ -->\n<title>Impressum - MEDEWO Verpackungen<\/title>\n<meta name=\"description\" content=\"Die MEDEWO AG ist eine Tochter der MEDEWO Holding AG mit Sitz in Meisterschwanden (CH).\" \/>\n<meta name=\"robots\" content=\"index, follow, max-snippet:-1, max-image-preview:large, max-video-preview:-1\" \/>\n<link rel=\"canonical\" href=\"https:\/\/www.medewo.com\/blog\/de\/impressum\/\" \/>\n<meta property=\"og:locale\" content=\"de_DE\" \/>\n<meta property=\"og:type\" content=\"article\" \/>\n<meta property=\"og:title\" content=\"Impressum - MEDEWO Verpackungen\" \/>\n<meta property=\"og:description\" content=\"Die MEDEWO AG ist eine Tochter der MEDEWO Holding AG mit Sitz in Meisterschwanden (CH).\" \/>\n<meta property=\"og:url\" content=\"https:\/\/www.medewo.com\/blog\/de\/impressum\/\" \/>\n<meta property=\"og:site_name\" content=\"MEDEWO Verpackungen\" \/>\n<meta property=\"article:modified_time\" content=\"2024-04-08T08:43:39+00:00\" \/>\n<meta name=\"twitter:card\" content=\"summary_large_image\" \/>\n<meta name=\"twitter:label1\" content=\"Gesch\u00e4tzte Lesezeit\" \/>\n\t<meta name=\"twitter:data1\" content=\"1\u00a0Minute\" \/>\n<script type=\"application\/ld+json\" class=\"yoast-schema-graph\">{\"@context\":\"https:\/\/schema.org\",\"@graph\":[{\"@type\":\"WebPage\",\"@id\":\"https:\/\/www.medewo.com\/blog\/de\/impressum\/\",\"url\":\"https:\/\/www.medewo.com\/blog\/de\/impressum\/\",\"name\":\"Impressum - MEDEWO Verpackungen\",\"isPartOf\":{\"@id\":\"https:\/\/www.medewo.com\/blog\/de\/#website\"},\"datePublished\":\"2014-11-04T15:07:15+00:00\",\"dateModified\":\"2024-04-08T08:43:39+00:00\",\"description\":\"Die MEDEWO AG ist eine Tochter der MEDEWO Holding AG mit Sitz in Meisterschwanden (CH).\",\"breadcrumb\":{\"@id\":\"https:\/\/www.medewo.com\/blog\/de\/impressum\/#breadcrumb\"},\"inLanguage\":\"de\",\"potentialAction\":[{\"@type\":\"ReadAction\",\"target\":[\"https:\/\/www.medewo.com\/blog\/de\/impressum\/\"]}]},{\"@type\":\"BreadcrumbList\",\"@id\":\"https:\/\/www.medewo.com\/blog\/de\/impressum\/#breadcrumb\",\"itemListElement\":[{\"@type\":\"ListItem\",\"position\":1,\"name\":\"Startseite\",\"item\":\"https:\/\/www.medewo.com\/blog\/de\/\"},{\"@type\":\"ListItem\",\"position\":2,\"name\":\"Impressum\"}]},{\"@type\":\"WebSite\",\"@id\":\"https:\/\/www.medewo.com\/blog\/de\/#website\",\"url\":\"https:\/\/www.medewo.com\/blog\/de\/\",\"name\":\"MEDEWO Verpackungen\",\"description\":\"News\",\"publisher\":{\"@id\":\"https:\/\/www.medewo.com\/blog\/de\/#organization\"},\"potentialAction\":[{\"@type\":\"SearchAction\",\"target\":{\"@type\":\"EntryPoint\",\"urlTemplate\":\"https:\/\/www.medewo.com\/blog\/de\/?s={search_term_string}\"},\"query-input\":{\"@type\":\"PropertyValueSpecification\",\"valueRequired\":true,\"valueName\":\"search_term_string\"}}],\"inLanguage\":\"de\"},{\"@type\":\"Organization\",\"@id\":\"https:\/\/www.medewo.com\/blog\/de\/#organization\",\"name\":\"MEDEWO\",\"url\":\"https:\/\/www.medewo.com\/blog\/de\/\",\"logo\":{\"@type\":\"ImageObject\",\"inLanguage\":\"de\",\"@id\":\"https:\/\/www.medewo.com\/blog\/de\/#\/schema\/logo\/image\/\",\"url\":\"https:\/\/www.medewo.com\/blog\/wp-content\/uploads\/2022\/03\/medewo-logo-claim-quer-2.png\",\"contentUrl\":\"https:\/\/www.medewo.com\/blog\/wp-content\/uploads\/2022\/03\/medewo-logo-claim-quer-2.png\",\"width\":350,\"height\":63,\"caption\":\"MEDEWO\"},\"image\":{\"@id\":\"https:\/\/www.medewo.com\/blog\/de\/#\/schema\/logo\/image\/\"}}]}<\/script>\n<!-- \/ Yoast SEO plugin. -->","yoast_head_json":{"title":"Impressum - MEDEWO Verpackungen","description":"Die MEDEWO AG ist eine Tochter der MEDEWO Holding AG mit Sitz in Meisterschwanden (CH).","robots":{"index":"index","follow":"follow","max-snippet":"max-snippet:-1","max-image-preview":"max-image-preview:large","max-video-preview":"max-video-preview:-1"},"canonical":"https:\/\/www.medewo.com\/blog\/de\/impressum\/","og_locale":"de_DE","og_type":"article","og_title":"Impressum - MEDEWO Verpackungen","og_description":"Die MEDEWO AG ist eine Tochter der MEDEWO Holding AG mit Sitz in Meisterschwanden (CH).","og_url":"https:\/\/www.medewo.com\/blog\/de\/impressum\/","og_site_name":"MEDEWO Verpackungen","article_modified_time":"2024-04-08T08:43:39+00:00","twitter_card":"summary_large_image","twitter_misc":{"Gesch\u00e4tzte Lesezeit":"1\u00a0Minute"},"schema":{"@context":"https:\/\/schema.org","@graph":[{"@type":"WebPage","@id":"https:\/\/www.medewo.com\/blog\/de\/impressum\/","url":"https:\/\/www.medewo.com\/blog\/de\/impressum\/","name":"Impressum - MEDEWO Verpackungen","isPartOf":{"@id":"https:\/\/www.medewo.com\/blog\/de\/#website"},"datePublished":"2014-11-04T15:07:15+00:00","dateModified":"2024-04-08T08:43:39+00:00","description":"Die MEDEWO AG ist eine Tochter der MEDEWO Holding AG mit Sitz in Meisterschwanden (CH).","breadcrumb":{"@id":"https:\/\/www.medewo.com\/blog\/de\/impressum\/#breadcrumb"},"inLanguage":"de","potentialAction":[{"@type":"ReadAction","target":["https:\/\/www.medewo.com\/blog\/de\/impressum\/"]}]},{"@type":"BreadcrumbList","@id":"https:\/\/www.medewo.com\/blog\/de\/impressum\/#breadcrumb","itemListElement":[{"@type":"ListItem","position":1,"name":"Startseite","item":"https:\/\/www.medewo.com\/blog\/de\/"},{"@type":"ListItem","position":2,"name":"Impressum"}]},{"@type":"WebSite","@id":"https:\/\/www.medewo.com\/blog\/de\/#website","url":"https:\/\/www.medewo.com\/blog\/de\/","name":"MEDEWO Verpackungen","description":"News","publisher":{"@id":"https:\/\/www.medewo.com\/blog\/de\/#organization"},"potentialAction":[{"@type":"SearchAction","target":{"@type":"EntryPoint","urlTemplate":"https:\/\/www.medewo.com\/blog\/de\/?s={search_term_string}"},"query-input":{"@type":"PropertyValueSpecification","valueRequired":true,"valueName":"search_term_string"}}],"inLanguage":"de"},{"@type":"Organization","@id":"https:\/\/www.medewo.com\/blog\/de\/#organization","name":"MEDEWO","url":"https:\/\/www.medewo.com\/blog\/de\/","logo":{"@type":"ImageObject","inLanguage":"de","@id":"https:\/\/www.medewo.com\/blog\/de\/#\/schema\/logo\/image\/","url":"https:\/\/www.medewo.com\/blog\/wp-content\/uploads\/2022\/03\/medewo-logo-claim-quer-2.png","contentUrl":"https:\/\/www.medewo.com\/blog\/wp-content\/uploads\/2022\/03\/medewo-logo-claim-quer-2.png","width":350,"height":63,"caption":"MEDEWO"},"image":{"@id":"https:\/\/www.medewo.com\/blog\/de\/#\/schema\/logo\/image\/"}}]}},"_links":{"self":[{"href":"https:\/\/www.medewo.com\/blog\/de\/wp-json\/wp\/v2\/pages\/717","targetHints":{"allow":["GET"]}}],"collection":[{"href":"https:\/\/www.medewo.com\/blog\/de\/wp-json\/wp\/v2\/pages"}],"about":[{"href":"https:\/\/www.medewo.com\/blog\/de\/wp-json\/wp\/v2\/types\/page"}],"author":[{"embeddable":true,"href":"https:\/\/www.medewo.com\/blog\/de\/wp-json\/wp\/v2\/users\/1"}],"replies":[{"embeddable":true,"href":"https:\/\/www.medewo.com\/blog\/de\/wp-json\/wp\/v2\/comments?post=717"}],"version-history":[{"count":8,"href":"https:\/\/www.medewo.com\/blog\/de\/wp-json\/wp\/v2\/pages\/717\/revisions"}],"predecessor-version":[{"id":32077,"href":"https:\/\/www.medewo.com\/blog\/de\/wp-json\/wp\/v2\/pages\/717\/revisions\/32077"}],"wp:attachment":[{"href":"https:\/\/www.medewo.com\/blog\/de\/wp-json\/wp\/v2\/media?parent=717"}],"curies":[{"name":"wp","href":"https:\/\/api.w.org\/{rel}","templated":true}]}}