{"id":24820,"date":"2014-11-04T17:07:15","date_gmt":"2014-11-04T15:07:15","guid":{"rendered":"https:\/\/www.medewo.com\/blog\/impressum\/"},"modified":"2023-05-24T16:08:28","modified_gmt":"2023-05-24T14:08:28","slug":"mentions-legales","status":"publish","type":"page","link":"https:\/\/www.medewo.com\/blog\/ch-fr\/mentions-legales\/","title":{"rendered":"Mentions l\u00e9gales"},"content":{"rendered":"<div class=\"wpb-content-wrapper\"><p>[vc_row][vc_column][vc_column_text]MEDEWO AG est une filiale de MEDEWO Holding AG domicili\u00e9e \u00e0 Meisterschwanden (Suisse).<\/p>\n<p><strong>Adresse:<\/strong><br \/>\nMEDEWO AG -\u2013 filiale de MEDEWO Holding AG<br \/>\nIndustriestrasse 1a<br \/>\n5616 Meisterschwanden<\/p>\n<p><strong>Heures d&#8217;ouverture du bureau:<\/strong><br \/>\nLundi \u00e0 vendredi 7 h \u00e0 17 h 30<\/p>\n<p><strong>Contact:<\/strong><br \/>\n<a href=\"tel:+41566766090\">056 676 60 90<\/a><br \/>\n<a href=\"mailto:office@medewo.ch\">office@medewo.ch<\/a><\/p>\n<p><strong>Si\u00e8ge de l&#8217;entreprise:<\/strong><br \/>\nMeisterschwanden<\/p>\n<p><strong>Forme juridique:<br \/>\n<\/strong>AG<\/p>\n<p><strong>N\u00b0 de TVA:<br \/>\n<\/strong>CHE-222.046.980 MWST<\/p>\n<p>Pour toute information, demande de donn\u00e9es ou r\u00e9clamation, veuillez vous adresser \u00e0: <a href=\"mailto:office@medewo.ch\">office@medewo.ch<\/a><\/p>\n<p><strong>Objet de l&#8217;entreprise:<\/strong><br \/>\nCommerce de mat\u00e9riel d&#8217;emballage et d&#8217;\u00e9quipement d&#8217;entreprise<\/p>\n<p><strong>Direction g\u00e9n\u00e9rale:<\/strong><br \/>\nSigmund Schett, Industriestrasse 1a, 5616 Meisterschwanden<\/p>\n<p><strong>Procuration:<\/strong><br \/>\nSven Tedden<\/p>\n<p><strong>Propri\u00e9taire du m\u00e9dia, \u00e9diteur:<\/strong><br \/>\nSigmund Schett<\/p>\n<p>Les informations mises \u00e0 disposition sur le pr\u00e9sent site web font l&#8217;objet de contr\u00f4les soigneux et de mises \u00e0 jour r\u00e9guli\u00e8res de la part de MEDEWO. N\u00e9anmoins, MEDEWO n&#8217;est pas en mesure d&#8217;offrir une quelconque responsabilit\u00e9 ou garantie pour l&#8217;actualit\u00e9, la correction et la compl\u00e9tude des informations et logiciels mis \u00e0 disposition. La m\u00eame r\u00e9serve s&#8217;applique au contenu des sites web li\u00e9s au n\u00f4tre par Hyperlink. MEDEWO n&#8217;est aucunement responsable du contenu des sites web atteints en utilisant un de ces liens. La duplication d&#8217;informations et de donn\u00e9es, plus particuli\u00e8rement l&#8217;utilisation de donn\u00e9es d&#8217;images, de textes et d&#8217;\u00e9l\u00e9ments de textes est subordonn\u00e9e \u00e0 l&#8217;accord pr\u00e9alable de MEDEWO.[\/vc_column_text][\/vc_column][\/vc_row]<\/p>\n<\/div>","protected":false},"excerpt":{"rendered":"<p>[vc_row][vc_column][vc_column_text]MEDEWO AG est une filiale de MEDEWO Holding AG domicili\u00e9e \u00e0 Meisterschwanden (Suisse). Adresse: MEDEWO AG -\u2013 filiale de MEDEWO Holding AG Heures d&#8217;ouverture du bureau: Lundi \u00e0 vendredi 7 h \u00e0 17 h 30 Contact: Si\u00e8ge de l&#8217;entreprise: Forme juridique: AG N\u00b0 de TVA: CHE-222.046.980 MWST Pour toute information, demande de donn\u00e9es ou r\u00e9clamation,&hellip;<\/p>\n","protected":false},"author":1,"featured_media":0,"parent":0,"menu_order":0,"comment_status":"closed","ping_status":"closed","template":"","meta":{"pgc_sgb_lightbox_settings":"","footnotes":""},"class_list":["post-24820","page","type-page","status-publish","hentry","description-off"],"yoast_head":"<!-- This site is optimized with the Yoast SEO plugin v27.1.1 - https:\/\/yoast.com\/product\/yoast-seo-wordpress\/ -->\n<title>Mentions l\u00e9gales<\/title>\n<meta name=\"description\" content=\"MEDEWO AG est une filiale de MEDEWO Holding AG domicili\u00e9e \u00e0 Meisterschwanden (Suisse).\" \/>\n<meta name=\"robots\" content=\"index, follow, max-snippet:-1, max-image-preview:large, max-video-preview:-1\" \/>\n<link rel=\"canonical\" href=\"https:\/\/www.medewo.com\/blog\/ch-fr\/mentions-legales\/\" \/>\n<meta property=\"og:locale\" content=\"fr_FR\" \/>\n<meta property=\"og:type\" content=\"article\" \/>\n<meta property=\"og:title\" content=\"Mentions l\u00e9gales\" \/>\n<meta property=\"og:description\" content=\"MEDEWO AG est une filiale de MEDEWO Holding AG domicili\u00e9e \u00e0 Meisterschwanden (Suisse).\" \/>\n<meta property=\"og:url\" content=\"https:\/\/www.medewo.com\/blog\/ch-fr\/mentions-legales\/\" \/>\n<meta property=\"og:site_name\" content=\"MEDEWO Verpackungen\" \/>\n<meta property=\"article:modified_time\" content=\"2023-05-24T14:08:28+00:00\" \/>\n<meta name=\"twitter:card\" content=\"summary_large_image\" \/>\n<meta name=\"twitter:label1\" content=\"Est. reading time\" \/>\n\t<meta name=\"twitter:data1\" content=\"2 minutes\" \/>\n<script type=\"application\/ld+json\" class=\"yoast-schema-graph\">{\"@context\":\"https:\/\/schema.org\",\"@graph\":[{\"@type\":\"WebPage\",\"@id\":\"https:\/\/www.medewo.com\/blog\/ch-fr\/mentions-legales\/\",\"url\":\"https:\/\/www.medewo.com\/blog\/ch-fr\/mentions-legales\/\",\"name\":\"Mentions l\u00e9gales\",\"isPartOf\":{\"@id\":\"https:\/\/www.medewo.com\/blog\/ch-fr\/#website\"},\"datePublished\":\"2014-11-04T15:07:15+00:00\",\"dateModified\":\"2023-05-24T14:08:28+00:00\",\"description\":\"MEDEWO AG est une filiale de MEDEWO Holding AG domicili\u00e9e \u00e0 Meisterschwanden (Suisse).\",\"breadcrumb\":{\"@id\":\"https:\/\/www.medewo.com\/blog\/ch-fr\/mentions-legales\/#breadcrumb\"},\"inLanguage\":\"fr-CH\",\"potentialAction\":[{\"@type\":\"ReadAction\",\"target\":[\"https:\/\/www.medewo.com\/blog\/ch-fr\/mentions-legales\/\"]}]},{\"@type\":\"BreadcrumbList\",\"@id\":\"https:\/\/www.medewo.com\/blog\/ch-fr\/mentions-legales\/#breadcrumb\",\"itemListElement\":[{\"@type\":\"ListItem\",\"position\":1,\"name\":\"Startseite\",\"item\":\"https:\/\/www.medewo.com\/blog\/ch-fr\/\"},{\"@type\":\"ListItem\",\"position\":2,\"name\":\"Mentions l\u00e9gales\"}]},{\"@type\":\"WebSite\",\"@id\":\"https:\/\/www.medewo.com\/blog\/ch-fr\/#website\",\"url\":\"https:\/\/www.medewo.com\/blog\/ch-fr\/\",\"name\":\"MEDEWO Verpackungen\",\"description\":\"News\",\"publisher\":{\"@id\":\"https:\/\/www.medewo.com\/blog\/ch-fr\/#organization\"},\"potentialAction\":[{\"@type\":\"SearchAction\",\"target\":{\"@type\":\"EntryPoint\",\"urlTemplate\":\"https:\/\/www.medewo.com\/blog\/ch-fr\/?s={search_term_string}\"},\"query-input\":{\"@type\":\"PropertyValueSpecification\",\"valueRequired\":true,\"valueName\":\"search_term_string\"}}],\"inLanguage\":\"fr-CH\"},{\"@type\":\"Organization\",\"@id\":\"https:\/\/www.medewo.com\/blog\/ch-fr\/#organization\",\"name\":\"MEDEWO\",\"url\":\"https:\/\/www.medewo.com\/blog\/ch-fr\/\",\"logo\":{\"@type\":\"ImageObject\",\"inLanguage\":\"fr-CH\",\"@id\":\"https:\/\/www.medewo.com\/blog\/ch-fr\/#\/schema\/logo\/image\/\",\"url\":\"https:\/\/www.medewo.com\/blog\/wp-content\/uploads\/2023\/05\/medewo-logo-claim-2018-quer-RGB-FR.svg\",\"contentUrl\":\"https:\/\/www.medewo.com\/blog\/wp-content\/uploads\/2023\/05\/medewo-logo-claim-2018-quer-RGB-FR.svg\",\"width\":350,\"height\":63,\"caption\":\"MEDEWO\"},\"image\":{\"@id\":\"https:\/\/www.medewo.com\/blog\/ch-fr\/#\/schema\/logo\/image\/\"}}]}<\/script>\n<!-- \/ Yoast SEO plugin. -->","yoast_head_json":{"title":"Mentions l\u00e9gales","description":"MEDEWO AG est une filiale de MEDEWO Holding AG domicili\u00e9e \u00e0 Meisterschwanden (Suisse).","robots":{"index":"index","follow":"follow","max-snippet":"max-snippet:-1","max-image-preview":"max-image-preview:large","max-video-preview":"max-video-preview:-1"},"canonical":"https:\/\/www.medewo.com\/blog\/ch-fr\/mentions-legales\/","og_locale":"fr_FR","og_type":"article","og_title":"Mentions l\u00e9gales","og_description":"MEDEWO AG est une filiale de MEDEWO Holding AG domicili\u00e9e \u00e0 Meisterschwanden (Suisse).","og_url":"https:\/\/www.medewo.com\/blog\/ch-fr\/mentions-legales\/","og_site_name":"MEDEWO Verpackungen","article_modified_time":"2023-05-24T14:08:28+00:00","twitter_card":"summary_large_image","twitter_misc":{"Est. reading time":"2 minutes"},"schema":{"@context":"https:\/\/schema.org","@graph":[{"@type":"WebPage","@id":"https:\/\/www.medewo.com\/blog\/ch-fr\/mentions-legales\/","url":"https:\/\/www.medewo.com\/blog\/ch-fr\/mentions-legales\/","name":"Mentions l\u00e9gales","isPartOf":{"@id":"https:\/\/www.medewo.com\/blog\/ch-fr\/#website"},"datePublished":"2014-11-04T15:07:15+00:00","dateModified":"2023-05-24T14:08:28+00:00","description":"MEDEWO AG est une filiale de MEDEWO Holding AG domicili\u00e9e \u00e0 Meisterschwanden (Suisse).","breadcrumb":{"@id":"https:\/\/www.medewo.com\/blog\/ch-fr\/mentions-legales\/#breadcrumb"},"inLanguage":"fr-CH","potentialAction":[{"@type":"ReadAction","target":["https:\/\/www.medewo.com\/blog\/ch-fr\/mentions-legales\/"]}]},{"@type":"BreadcrumbList","@id":"https:\/\/www.medewo.com\/blog\/ch-fr\/mentions-legales\/#breadcrumb","itemListElement":[{"@type":"ListItem","position":1,"name":"Startseite","item":"https:\/\/www.medewo.com\/blog\/ch-fr\/"},{"@type":"ListItem","position":2,"name":"Mentions l\u00e9gales"}]},{"@type":"WebSite","@id":"https:\/\/www.medewo.com\/blog\/ch-fr\/#website","url":"https:\/\/www.medewo.com\/blog\/ch-fr\/","name":"MEDEWO Verpackungen","description":"News","publisher":{"@id":"https:\/\/www.medewo.com\/blog\/ch-fr\/#organization"},"potentialAction":[{"@type":"SearchAction","target":{"@type":"EntryPoint","urlTemplate":"https:\/\/www.medewo.com\/blog\/ch-fr\/?s={search_term_string}"},"query-input":{"@type":"PropertyValueSpecification","valueRequired":true,"valueName":"search_term_string"}}],"inLanguage":"fr-CH"},{"@type":"Organization","@id":"https:\/\/www.medewo.com\/blog\/ch-fr\/#organization","name":"MEDEWO","url":"https:\/\/www.medewo.com\/blog\/ch-fr\/","logo":{"@type":"ImageObject","inLanguage":"fr-CH","@id":"https:\/\/www.medewo.com\/blog\/ch-fr\/#\/schema\/logo\/image\/","url":"https:\/\/www.medewo.com\/blog\/wp-content\/uploads\/2023\/05\/medewo-logo-claim-2018-quer-RGB-FR.svg","contentUrl":"https:\/\/www.medewo.com\/blog\/wp-content\/uploads\/2023\/05\/medewo-logo-claim-2018-quer-RGB-FR.svg","width":350,"height":63,"caption":"MEDEWO"},"image":{"@id":"https:\/\/www.medewo.com\/blog\/ch-fr\/#\/schema\/logo\/image\/"}}]}},"_links":{"self":[{"href":"https:\/\/www.medewo.com\/blog\/ch-fr\/wp-json\/wp\/v2\/pages\/24820","targetHints":{"allow":["GET"]}}],"collection":[{"href":"https:\/\/www.medewo.com\/blog\/ch-fr\/wp-json\/wp\/v2\/pages"}],"about":[{"href":"https:\/\/www.medewo.com\/blog\/ch-fr\/wp-json\/wp\/v2\/types\/page"}],"author":[{"embeddable":true,"href":"https:\/\/www.medewo.com\/blog\/ch-fr\/wp-json\/wp\/v2\/users\/1"}],"replies":[{"embeddable":true,"href":"https:\/\/www.medewo.com\/blog\/ch-fr\/wp-json\/wp\/v2\/comments?post=24820"}],"version-history":[{"count":4,"href":"https:\/\/www.medewo.com\/blog\/ch-fr\/wp-json\/wp\/v2\/pages\/24820\/revisions"}],"predecessor-version":[{"id":25939,"href":"https:\/\/www.medewo.com\/blog\/ch-fr\/wp-json\/wp\/v2\/pages\/24820\/revisions\/25939"}],"wp:attachment":[{"href":"https:\/\/www.medewo.com\/blog\/ch-fr\/wp-json\/wp\/v2\/media?parent=24820"}],"curies":[{"name":"wp","href":"https:\/\/api.w.org\/{rel}","templated":true}]}}