{"id":24787,"date":"2014-04-28T12:51:03","date_gmt":"2014-04-28T10:51:03","guid":{"rendered":"https:\/\/www.medewo.com\/blog\/ueber-medewo\/"},"modified":"2025-07-22T07:41:51","modified_gmt":"2025-07-22T05:41:51","slug":"a-propos-de-medewo","status":"publish","type":"page","link":"https:\/\/www.medewo.com\/blog\/ch-fr\/a-propos-de-medewo\/","title":{"rendered":"A propos de MEDEWO"},"content":{"rendered":"<div class=\"wpb-content-wrapper\"><p>[vc_row][vc_column][vc_custom_heading text=&#8221;Plus de 40 ans de comp\u00e9tence en mati\u00e8re d\u2019emballage&#8221; use_theme_fonts=&#8221;yes&#8221; css=&#8221;&#8221;][vc_column_text]\u00abNous prot\u00e9geons les produits!\u00bb: fid\u00e8le \u00e0 cette mission, vous trouvez chez MEDEWO des solutions d\u2019emballage s\u00fbres, innovantes et respectueuses des ressources.<\/p>\n<p>Emballer vos produits avec la protection maximale possible et la quantit\u00e9 minimale possible de mat\u00e9riau: voil\u00e0 en quoi consiste notre relation avec vous. Depuis 40 ans, nous donnons des conseils sur les solutions d\u2019emballage parfaites, individuelles et publicitaires, ainsi que sur l\u2019optimisation des processus d\u2019emballage. Chez nous, les solutions d\u2019emballage parfaites vont de pair avec un service prudent.[\/vc_column_text][vc_empty_space][\/vc_column][\/vc_row][vc_row][vc_column width=&#8221;2\/3&#8243;][vc_column_text css=&#8221;&#8221;]Dennis Gu\u00dfen<br \/>\nDirection des ventes marque MEDEWO, Groupe MEDEWO &amp; membre de la direction[\/vc_column_text][\/vc_column][\/vc_row]<\/p>\n<\/div>","protected":false},"excerpt":{"rendered":"<p>[vc_row][vc_column][vc_custom_heading text=&#8221;Plus de 40 ans de comp\u00e9tence en mati\u00e8re d\u2019emballage&#8221; use_theme_fonts=&#8221;yes&#8221; css=&#8221;&#8221;][vc_column_text]\u00abNous prot\u00e9geons les produits!\u00bb: fid\u00e8le \u00e0 cette mission, vous trouvez chez MEDEWO des solutions d\u2019emballage s\u00fbres, innovantes et respectueuses des ressources. Emballer vos produits avec la protection maximale possible et la quantit\u00e9 minimale possible de mat\u00e9riau: voil\u00e0 en quoi consiste notre relation avec vous.&hellip;<\/p>\n","protected":false},"author":1,"featured_media":0,"parent":0,"menu_order":0,"comment_status":"closed","ping_status":"closed","template":"","meta":{"pgc_sgb_lightbox_settings":"","footnotes":""},"class_list":["post-24787","page","type-page","status-publish","hentry","description-off"],"yoast_head":"<!-- This site is optimized with the Yoast SEO plugin v27.1.1 - https:\/\/yoast.com\/product\/yoast-seo-wordpress\/ -->\n<title>A propos de MEDEWO<\/title>\n<meta name=\"description\" content=\"Plus de 40 ans de comp\u00e9tence en mati\u00e8re d\u2019emballage: Les emballages de MEDEWO sont bien re\u00e7us et ils pr\u00e9servent la r\u00e9putation de nos clients.\" \/>\n<meta name=\"robots\" content=\"index, follow, max-snippet:-1, max-image-preview:large, max-video-preview:-1\" \/>\n<link rel=\"canonical\" href=\"https:\/\/www.medewo.com\/blog\/ch-fr\/a-propos-de-medewo\/\" \/>\n<meta property=\"og:locale\" content=\"fr_FR\" \/>\n<meta property=\"og:type\" content=\"article\" \/>\n<meta property=\"og:title\" content=\"A propos de MEDEWO\" \/>\n<meta property=\"og:description\" content=\"Plus de 40 ans de comp\u00e9tence en mati\u00e8re d\u2019emballage: Les emballages de MEDEWO sont bien re\u00e7us et ils pr\u00e9servent la r\u00e9putation de nos clients.\" \/>\n<meta property=\"og:url\" content=\"https:\/\/www.medewo.com\/blog\/ch-fr\/a-propos-de-medewo\/\" \/>\n<meta property=\"og:site_name\" content=\"MEDEWO Verpackungen\" \/>\n<meta property=\"article:modified_time\" content=\"2025-07-22T05:41:51+00:00\" \/>\n<meta name=\"twitter:card\" content=\"summary_large_image\" \/>\n<meta name=\"twitter:label1\" content=\"Est. reading time\" \/>\n\t<meta name=\"twitter:data1\" content=\"1 minute\" \/>\n<script type=\"application\/ld+json\" class=\"yoast-schema-graph\">{\"@context\":\"https:\/\/schema.org\",\"@graph\":[{\"@type\":\"WebPage\",\"@id\":\"https:\/\/www.medewo.com\/blog\/ch-fr\/a-propos-de-medewo\/\",\"url\":\"https:\/\/www.medewo.com\/blog\/ch-fr\/a-propos-de-medewo\/\",\"name\":\"A propos de MEDEWO\",\"isPartOf\":{\"@id\":\"https:\/\/www.medewo.com\/blog\/ch-fr\/#website\"},\"datePublished\":\"2014-04-28T10:51:03+00:00\",\"dateModified\":\"2025-07-22T05:41:51+00:00\",\"description\":\"Plus de 40 ans de comp\u00e9tence en mati\u00e8re d\u2019emballage: Les emballages de MEDEWO sont bien re\u00e7us et ils pr\u00e9servent la r\u00e9putation de nos clients.\",\"breadcrumb\":{\"@id\":\"https:\/\/www.medewo.com\/blog\/ch-fr\/a-propos-de-medewo\/#breadcrumb\"},\"inLanguage\":\"fr-CH\",\"potentialAction\":[{\"@type\":\"ReadAction\",\"target\":[\"https:\/\/www.medewo.com\/blog\/ch-fr\/a-propos-de-medewo\/\"]}]},{\"@type\":\"BreadcrumbList\",\"@id\":\"https:\/\/www.medewo.com\/blog\/ch-fr\/a-propos-de-medewo\/#breadcrumb\",\"itemListElement\":[{\"@type\":\"ListItem\",\"position\":1,\"name\":\"Startseite\",\"item\":\"https:\/\/www.medewo.com\/blog\/ch-fr\/\"},{\"@type\":\"ListItem\",\"position\":2,\"name\":\"A propos de MEDEWO\"}]},{\"@type\":\"WebSite\",\"@id\":\"https:\/\/www.medewo.com\/blog\/ch-fr\/#website\",\"url\":\"https:\/\/www.medewo.com\/blog\/ch-fr\/\",\"name\":\"MEDEWO Verpackungen\",\"description\":\"News\",\"publisher\":{\"@id\":\"https:\/\/www.medewo.com\/blog\/ch-fr\/#organization\"},\"potentialAction\":[{\"@type\":\"SearchAction\",\"target\":{\"@type\":\"EntryPoint\",\"urlTemplate\":\"https:\/\/www.medewo.com\/blog\/ch-fr\/?s={search_term_string}\"},\"query-input\":{\"@type\":\"PropertyValueSpecification\",\"valueRequired\":true,\"valueName\":\"search_term_string\"}}],\"inLanguage\":\"fr-CH\"},{\"@type\":\"Organization\",\"@id\":\"https:\/\/www.medewo.com\/blog\/ch-fr\/#organization\",\"name\":\"MEDEWO\",\"url\":\"https:\/\/www.medewo.com\/blog\/ch-fr\/\",\"logo\":{\"@type\":\"ImageObject\",\"inLanguage\":\"fr-CH\",\"@id\":\"https:\/\/www.medewo.com\/blog\/ch-fr\/#\/schema\/logo\/image\/\",\"url\":\"https:\/\/www.medewo.com\/blog\/wp-content\/uploads\/2023\/05\/medewo-logo-claim-2018-quer-RGB-FR.svg\",\"contentUrl\":\"https:\/\/www.medewo.com\/blog\/wp-content\/uploads\/2023\/05\/medewo-logo-claim-2018-quer-RGB-FR.svg\",\"width\":350,\"height\":63,\"caption\":\"MEDEWO\"},\"image\":{\"@id\":\"https:\/\/www.medewo.com\/blog\/ch-fr\/#\/schema\/logo\/image\/\"}}]}<\/script>\n<!-- \/ Yoast SEO plugin. -->","yoast_head_json":{"title":"A propos de MEDEWO","description":"Plus de 40 ans de comp\u00e9tence en mati\u00e8re d\u2019emballage: Les emballages de MEDEWO sont bien re\u00e7us et ils pr\u00e9servent la r\u00e9putation de nos clients.","robots":{"index":"index","follow":"follow","max-snippet":"max-snippet:-1","max-image-preview":"max-image-preview:large","max-video-preview":"max-video-preview:-1"},"canonical":"https:\/\/www.medewo.com\/blog\/ch-fr\/a-propos-de-medewo\/","og_locale":"fr_FR","og_type":"article","og_title":"A propos de MEDEWO","og_description":"Plus de 40 ans de comp\u00e9tence en mati\u00e8re d\u2019emballage: Les emballages de MEDEWO sont bien re\u00e7us et ils pr\u00e9servent la r\u00e9putation de nos clients.","og_url":"https:\/\/www.medewo.com\/blog\/ch-fr\/a-propos-de-medewo\/","og_site_name":"MEDEWO Verpackungen","article_modified_time":"2025-07-22T05:41:51+00:00","twitter_card":"summary_large_image","twitter_misc":{"Est. reading time":"1 minute"},"schema":{"@context":"https:\/\/schema.org","@graph":[{"@type":"WebPage","@id":"https:\/\/www.medewo.com\/blog\/ch-fr\/a-propos-de-medewo\/","url":"https:\/\/www.medewo.com\/blog\/ch-fr\/a-propos-de-medewo\/","name":"A propos de MEDEWO","isPartOf":{"@id":"https:\/\/www.medewo.com\/blog\/ch-fr\/#website"},"datePublished":"2014-04-28T10:51:03+00:00","dateModified":"2025-07-22T05:41:51+00:00","description":"Plus de 40 ans de comp\u00e9tence en mati\u00e8re d\u2019emballage: Les emballages de MEDEWO sont bien re\u00e7us et ils pr\u00e9servent la r\u00e9putation de nos clients.","breadcrumb":{"@id":"https:\/\/www.medewo.com\/blog\/ch-fr\/a-propos-de-medewo\/#breadcrumb"},"inLanguage":"fr-CH","potentialAction":[{"@type":"ReadAction","target":["https:\/\/www.medewo.com\/blog\/ch-fr\/a-propos-de-medewo\/"]}]},{"@type":"BreadcrumbList","@id":"https:\/\/www.medewo.com\/blog\/ch-fr\/a-propos-de-medewo\/#breadcrumb","itemListElement":[{"@type":"ListItem","position":1,"name":"Startseite","item":"https:\/\/www.medewo.com\/blog\/ch-fr\/"},{"@type":"ListItem","position":2,"name":"A propos de MEDEWO"}]},{"@type":"WebSite","@id":"https:\/\/www.medewo.com\/blog\/ch-fr\/#website","url":"https:\/\/www.medewo.com\/blog\/ch-fr\/","name":"MEDEWO Verpackungen","description":"News","publisher":{"@id":"https:\/\/www.medewo.com\/blog\/ch-fr\/#organization"},"potentialAction":[{"@type":"SearchAction","target":{"@type":"EntryPoint","urlTemplate":"https:\/\/www.medewo.com\/blog\/ch-fr\/?s={search_term_string}"},"query-input":{"@type":"PropertyValueSpecification","valueRequired":true,"valueName":"search_term_string"}}],"inLanguage":"fr-CH"},{"@type":"Organization","@id":"https:\/\/www.medewo.com\/blog\/ch-fr\/#organization","name":"MEDEWO","url":"https:\/\/www.medewo.com\/blog\/ch-fr\/","logo":{"@type":"ImageObject","inLanguage":"fr-CH","@id":"https:\/\/www.medewo.com\/blog\/ch-fr\/#\/schema\/logo\/image\/","url":"https:\/\/www.medewo.com\/blog\/wp-content\/uploads\/2023\/05\/medewo-logo-claim-2018-quer-RGB-FR.svg","contentUrl":"https:\/\/www.medewo.com\/blog\/wp-content\/uploads\/2023\/05\/medewo-logo-claim-2018-quer-RGB-FR.svg","width":350,"height":63,"caption":"MEDEWO"},"image":{"@id":"https:\/\/www.medewo.com\/blog\/ch-fr\/#\/schema\/logo\/image\/"}}]}},"_links":{"self":[{"href":"https:\/\/www.medewo.com\/blog\/ch-fr\/wp-json\/wp\/v2\/pages\/24787","targetHints":{"allow":["GET"]}}],"collection":[{"href":"https:\/\/www.medewo.com\/blog\/ch-fr\/wp-json\/wp\/v2\/pages"}],"about":[{"href":"https:\/\/www.medewo.com\/blog\/ch-fr\/wp-json\/wp\/v2\/types\/page"}],"author":[{"embeddable":true,"href":"https:\/\/www.medewo.com\/blog\/ch-fr\/wp-json\/wp\/v2\/users\/1"}],"replies":[{"embeddable":true,"href":"https:\/\/www.medewo.com\/blog\/ch-fr\/wp-json\/wp\/v2\/comments?post=24787"}],"version-history":[{"count":9,"href":"https:\/\/www.medewo.com\/blog\/ch-fr\/wp-json\/wp\/v2\/pages\/24787\/revisions"}],"predecessor-version":[{"id":35861,"href":"https:\/\/www.medewo.com\/blog\/ch-fr\/wp-json\/wp\/v2\/pages\/24787\/revisions\/35861"}],"wp:attachment":[{"href":"https:\/\/www.medewo.com\/blog\/ch-fr\/wp-json\/wp\/v2\/media?parent=24787"}],"curies":[{"name":"wp","href":"https:\/\/api.w.org\/{rel}","templated":true}]}}