{"id":32717,"date":"2024-06-10T11:59:40","date_gmt":"2024-06-10T09:59:40","guid":{"rendered":"https:\/\/www.medewo.com\/blog\/?page_id=32717"},"modified":"2024-07-08T13:58:16","modified_gmt":"2024-07-08T11:58:16","slug":"e-book-onlinehandel-nachhaltigkeit","status":"publish","type":"page","link":"https:\/\/www.medewo.com\/blog\/ch-de\/e-book-onlinehandel-nachhaltigkeit\/","title":{"rendered":"Gratis-Ratgeber: Nachhaltigkeit im E-Commerce"},"content":{"rendered":"<div class=\"wpb-content-wrapper\"><p>[vc_row][vc_column][vc_single_image image=&#187;32727&#8243; img_size=&#187;full&#187; css=&#187;&#187;][vc_empty_space][vc_column_text css=&#187;&#187;]<\/p>\n<h2>Gratis Handbuch f\u00fcr nachhaltiges Verpacken im Online Handel<\/h2>\n<p>[\/vc_column_text][vc_empty_space]<section class=\"shortcode-teaser img-full\"><div class=\"shortcode-teaser-content text-big\"><p><strong>Im E-Commerce wird Nachhaltigkeit zu einem entscheidenden Faktor. Immer mehr Kunden erwarten dabei auch umweltfreundliche Verpackungen. Damit Sie auf den Trend aufspringen k\u00f6nnen, informieren wir Sie mit unserem E- Book zu \u00abNachhaltigkeit im E-Commerce\u00bb<\/strong><\/p>\n<\/div><\/section>[vc_empty_space height=&#187;10px&#187;][vc_column_text css=&#187;&#187;]Von Recycling und Kreislaufwirtschaft bis hin zu umweltfreundlichen Materialien und innovativen Verpackungstechniken \u2013 wir bieten praktische Tipps und Beispiele, wie Sie in Ihrem Onlinehandel Verpackungsmaterialien reduzieren, Ihre \u00f6kologische Bilanz verbessern und Kosten senken k\u00f6nnen. So wird Nachhaltigkeit f\u00fcr Sie zu einem Wettbewerbsvorteil, mit dem Sie Ihre Kunden von sich \u00fcberzeugen und an Ihr Unternehmen binden.[\/vc_column_text][vc_empty_space][\/vc_column][\/vc_row][vc_row][vc_column][vc_column_text css=&#187;&#187;]<\/p>\n<h3><strong>\u2714 <\/strong>Laden Sie den kostenlosen PDF-Ratgeber herunter und erfahren Sie,&#8230; :<\/h3>\n<p>[\/vc_column_text][vc_empty_space][vc_separator css=&#187;&#187;][vc_empty_space][\/vc_column][\/vc_row][vc_row][vc_column width=&#187;2\/3&#8243;][vc_empty_space][vc_column_text css=&#187;&#187;]<\/p>\n<ul>\n<li>Warum nachhaltige Verpackungen im E-Commerce wichtig sind<\/li>\n<li>Wie Sie nachhaltig verpacken k\u00f6nnen<\/li>\n<li>Welche Materialien umweltfreundlich sind<\/li>\n<li>Wie Sie das Verpackungsmaterial reduzieren k\u00f6nnen<\/li>\n<li>Wie sich nachhaltiges Verpacken auf Ihr Image auswirkt<\/li>\n<\/ul>\n<p>[\/vc_column_text][vc_empty_space height=&#187;145px&#187;][vc_row_inner][vc_column_inner]<style type=\"text\/css\" data-type=\"the7_shortcodes-inline-css\">#default-btn-c31be2973f2f72dc271b71cc992072f5.ico-right-side > i {\n  margin-right: 0px;\n  margin-left: 8px;\n}\n#default-btn-c31be2973f2f72dc271b71cc992072f5 > i {\n  margin-right: 8px;\n}<\/style><a href=\"https:\/\/www.medewo.com\/blog\/wp-content\/uploads\/2024\/06\/MEDEW-ebook-ecommerce-NEU_CH.pdf\" class=\"default-btn-shortcode dt-btn dt-btn-m link-hover-off btn-inline-left \" id=\"default-btn-c31be2973f2f72dc271b71cc992072f5\"><span>Jetzt Ratgeber kostenlos downloaden<\/span><\/a>[vc_empty_space height=&#187;10px&#187;][\/vc_column_inner][\/vc_row_inner][vc_row_inner][vc_column_inner][vc_column_text css=&#187;&#187;]<a href=\"#blick\">oder einen Blick hinein werfen<\/a>[\/vc_column_text][\/vc_column_inner][\/vc_row_inner][\/vc_column][vc_column width=&#187;1\/3&#8243;][vc_single_image image=&#187;32731&#8243; img_size=&#187;large&#187; css=&#187;&#187;][\/vc_column][\/vc_row][vc_row][vc_column][vc_empty_space height=&#187;50px&#187;][vc_column_text css=&#187;&#187;]<\/p>\n<h3><i class=\"fas fa-search\"><\/i> Ein Blick in den Ratgeber<\/h3>\n<p>&nbsp;<\/p>\n<p>Anhand von Ratgeberseiten lesen Sie in unserem Whitepaper Schritt f\u00fcr Schritt, worauf es bei der Verpackungswahl ankommt. Lernen Sie auf 35 Seiten die verschiedenen Eigenschaften und Merkmale von Verpackungen kennen, um zu entscheiden, welche f\u00fcr Sie am wichtigsten sind. Unser Ratgeber zeigt Ihnen zudem auf, wie Sie Verpackungen auf das N\u00f6tige reduzieren k\u00f6nnen und wie nachhaltiges Verpacken sich positiv auf Ihr Image auswirkt. Die MEDEWO-Verpackungsprofis haben praktische Tipps f\u00fcr Sie parat.[\/vc_column_text][vc_empty_space][\/vc_column][\/vc_row][vc_row][vc_column][vc_empty_space][\/vc_column][\/vc_row][vc_row el_id=&#187;blick&#187;][vc_column width=&#187;1\/3&#8243;][vc_single_image image=&#187;32735&#8243; img_size=&#187;full&#187; onclick=&#187;link_image&#187; css=&#187;&#187;][\/vc_column][vc_column width=&#187;1\/3&#8243;][vc_single_image image=&#187;32739&#8243; img_size=&#187;full&#187; onclick=&#187;link_image&#187; css=&#187;&#187;][\/vc_column][vc_column width=&#187;1\/3&#8243;][vc_single_image image=&#187;32743&#8243; img_size=&#187;full&#187; onclick=&#187;link_image&#187; css=&#187;&#187;][\/vc_column][\/vc_row][vc_row][vc_column][vc_empty_space]<style type=\"text\/css\" data-type=\"the7_shortcodes-inline-css\">#default-btn-05f4ea92aba85b5cb9e70de8551164ef.ico-right-side > i {\n  margin-right: 0px;\n  margin-left: 8px;\n}\n#default-btn-05f4ea92aba85b5cb9e70de8551164ef > i {\n  margin-right: 8px;\n}<\/style><a href=\"https:\/\/www.medewo.com\/blog\/wp-content\/uploads\/2024\/06\/MEDEW-ebook-ecommerce-NEU_DE-1.pdf\" class=\"default-btn-shortcode dt-btn dt-btn-m link-hover-off btn-inline-left \" id=\"default-btn-05f4ea92aba85b5cb9e70de8551164ef\"><span>Jetzt Ratgeber gratis downloaden<\/span><\/a>[vc_empty_space][vc_separator css=&#187;&#187;][vc_empty_space height=&#187;50px&#187;][\/vc_column][\/vc_row][vc_row][vc_column width=&#187;2\/3&#8243;][vc_column_text css=&#187;&#187;]<strong>Ihr zuverl\u00e4ssiger Partner f\u00fcr sichere, ressourcenschonende und auffallende Verpackungsl\u00f6sungen f\u00fcr Transport und Lagerung.<\/strong><\/p>\n<p>Ob KMU oder Gro\u00dfbetrieb, Industrie, Handel oder Gewerbe, f\u00fcr Sie haben wir in unserem <a href=\"https:\/\/www.medewo.com\/ch\">Web-Shop<\/a> ein <strong>Vollsortiment an Verpackungsl\u00f6sungen <\/strong>und Fachexperten, die Sie gerne f\u00fcr Ihren Bedarf <a href=\"https:\/\/www.medewo.com\/blog\/ch-de\/kontakt\/\">telefonisch oder per Mail<\/a> beraten[\/vc_column_text][\/vc_column][vc_column width=&#187;1\/3&#8243;][vc_single_image image=&#187;32709&#8243; img_size=&#187;full&#187; css=&#187;&#187;][\/vc_column][\/vc_row][vc_row disable_element=&#187;yes&#187;][vc_column][vc_column_text css=&#187;&#187;]<\/p>\n<h3>Hier den Ratgeber kostenlos anfordern<\/h3>\n<p>[\/vc_column_text][vc_raw_html]PHA+SSBhbSByYXcgaHRtbCBibG9jay48YnI+Q2xpY2sgZWRpdCBidXR0b24gdG8gY2hhbmdlIHRoaXMgaHRtbDwvcD4=[\/vc_raw_html][\/vc_column][\/vc_row]<\/p>\n<\/div>","protected":false},"excerpt":{"rendered":"<p>[vc_row][vc_column][vc_single_image image=&#187;32727&#8243; img_size=&#187;full&#187; css=&#187;&#187;][vc_empty_space][vc_column_text css=&#187;&#187;] Gratis Handbuch f\u00fcr nachhaltiges Verpacken im Online Handel [\/vc_column_text][vc_empty_space][vc_empty_space height=&#187;10px&#187;][vc_column_text css=&#187;&#187;]Von Recycling und Kreislaufwirtschaft bis hin zu umweltfreundlichen Materialien und innovativen Verpackungstechniken \u2013 wir bieten praktische Tipps und Beispiele, wie Sie in Ihrem Onlinehandel Verpackungsmaterialien reduzieren, Ihre \u00f6kologische Bilanz verbessern und Kosten senken k\u00f6nnen. So wird Nachhaltigkeit f\u00fcr Sie zu&hellip;<\/p>\n","protected":false},"author":46,"featured_media":32780,"parent":0,"menu_order":0,"comment_status":"closed","ping_status":"closed","template":"","meta":{"pgc_sgb_lightbox_settings":"","footnotes":""},"class_list":["post-32717","page","type-page","status-publish","has-post-thumbnail","hentry","description-off"],"yoast_head":"<!-- This site is optimized with the Yoast SEO plugin v27.1.1 - https:\/\/yoast.com\/product\/yoast-seo-wordpress\/ -->\n<title>Gratis-Ratgeber: Nachhaltigkeit im E-Commerce - MEDEWO Verpackungen<\/title>\n<meta name=\"robots\" content=\"index, follow, max-snippet:-1, max-image-preview:large, max-video-preview:-1\" \/>\n<link rel=\"canonical\" href=\"https:\/\/www.medewo.com\/blog\/ch-de\/e-book-onlinehandel-nachhaltigkeit\/\" \/>\n<meta property=\"og:locale\" content=\"de_DE\" \/>\n<meta property=\"og:type\" content=\"article\" \/>\n<meta property=\"og:title\" content=\"Gratis-Ratgeber: Nachhaltigkeit im E-Commerce - MEDEWO Verpackungen\" \/>\n<meta property=\"og:description\" content=\"[vc_row][vc_column][vc_single_image image=&#187;32727&#8243; img_size=&#187;full&#187; css=&#187;&#187;][vc_empty_space][vc_column_text css=&#187;&#187;] Gratis Handbuch f\u00fcr nachhaltiges Verpacken im Online Handel [\/vc_column_text][vc_empty_space][vc_empty_space height=&#187;10px&#187;][vc_column_text css=&#187;&#187;]Von Recycling und Kreislaufwirtschaft bis hin zu umweltfreundlichen Materialien und innovativen Verpackungstechniken \u2013 wir bieten praktische Tipps und Beispiele, wie Sie in Ihrem Onlinehandel Verpackungsmaterialien reduzieren, Ihre \u00f6kologische Bilanz verbessern und Kosten senken k\u00f6nnen. So wird Nachhaltigkeit f\u00fcr Sie zu&hellip;\" \/>\n<meta property=\"og:url\" content=\"https:\/\/www.medewo.com\/blog\/ch-de\/e-book-onlinehandel-nachhaltigkeit\/\" \/>\n<meta property=\"og:site_name\" content=\"MEDEWO Verpackungen\" \/>\n<meta property=\"article:modified_time\" content=\"2024-07-08T11:58:16+00:00\" \/>\n<meta property=\"og:image\" content=\"https:\/\/www.medewo.com\/blog\/wp-content\/uploads\/2024\/06\/hb_Whitepaper-Nachhaltigkeit.png\" \/>\n\t<meta property=\"og:image:width\" content=\"840\" \/>\n\t<meta property=\"og:image:height\" content=\"559\" \/>\n\t<meta property=\"og:image:type\" content=\"image\/png\" \/>\n<meta name=\"twitter:card\" content=\"summary_large_image\" \/>\n<meta name=\"twitter:label1\" content=\"Gesch\u00e4tzte Lesezeit\" \/>\n\t<meta name=\"twitter:data1\" content=\"3\u00a0Minuten\" \/>\n<script type=\"application\/ld+json\" class=\"yoast-schema-graph\">{\"@context\":\"https:\/\/schema.org\",\"@graph\":[{\"@type\":\"WebPage\",\"@id\":\"https:\/\/www.medewo.com\/blog\/ch-de\/e-book-onlinehandel-nachhaltigkeit\/\",\"url\":\"https:\/\/www.medewo.com\/blog\/ch-de\/e-book-onlinehandel-nachhaltigkeit\/\",\"name\":\"Gratis-Ratgeber: Nachhaltigkeit im E-Commerce - MEDEWO Verpackungen\",\"isPartOf\":{\"@id\":\"https:\/\/www.medewo.com\/blog\/ch-de\/#website\"},\"primaryImageOfPage\":{\"@id\":\"https:\/\/www.medewo.com\/blog\/ch-de\/e-book-onlinehandel-nachhaltigkeit\/#primaryimage\"},\"image\":{\"@id\":\"https:\/\/www.medewo.com\/blog\/ch-de\/e-book-onlinehandel-nachhaltigkeit\/#primaryimage\"},\"thumbnailUrl\":\"https:\/\/www.medewo.com\/blog\/wp-content\/uploads\/2024\/06\/hb_Whitepaper-Nachhaltigkeit.png\",\"datePublished\":\"2024-06-10T09:59:40+00:00\",\"dateModified\":\"2024-07-08T11:58:16+00:00\",\"breadcrumb\":{\"@id\":\"https:\/\/www.medewo.com\/blog\/ch-de\/e-book-onlinehandel-nachhaltigkeit\/#breadcrumb\"},\"inLanguage\":\"de-CH\",\"potentialAction\":[{\"@type\":\"ReadAction\",\"target\":[\"https:\/\/www.medewo.com\/blog\/ch-de\/e-book-onlinehandel-nachhaltigkeit\/\"]}]},{\"@type\":\"ImageObject\",\"inLanguage\":\"de-CH\",\"@id\":\"https:\/\/www.medewo.com\/blog\/ch-de\/e-book-onlinehandel-nachhaltigkeit\/#primaryimage\",\"url\":\"https:\/\/www.medewo.com\/blog\/wp-content\/uploads\/2024\/06\/hb_Whitepaper-Nachhaltigkeit.png\",\"contentUrl\":\"https:\/\/www.medewo.com\/blog\/wp-content\/uploads\/2024\/06\/hb_Whitepaper-Nachhaltigkeit.png\",\"width\":840,\"height\":559,\"caption\":\"Whitepaper-Nachhaltigkeit\"},{\"@type\":\"BreadcrumbList\",\"@id\":\"https:\/\/www.medewo.com\/blog\/ch-de\/e-book-onlinehandel-nachhaltigkeit\/#breadcrumb\",\"itemListElement\":[{\"@type\":\"ListItem\",\"position\":1,\"name\":\"Startseite\",\"item\":\"https:\/\/www.medewo.com\/blog\/ch-de\/\"},{\"@type\":\"ListItem\",\"position\":2,\"name\":\"Gratis-Ratgeber: Nachhaltigkeit im E-Commerce\"}]},{\"@type\":\"WebSite\",\"@id\":\"https:\/\/www.medewo.com\/blog\/ch-de\/#website\",\"url\":\"https:\/\/www.medewo.com\/blog\/ch-de\/\",\"name\":\"MEDEWO Verpackungen\",\"description\":\"News\",\"publisher\":{\"@id\":\"https:\/\/www.medewo.com\/blog\/ch-de\/#organization\"},\"potentialAction\":[{\"@type\":\"SearchAction\",\"target\":{\"@type\":\"EntryPoint\",\"urlTemplate\":\"https:\/\/www.medewo.com\/blog\/ch-de\/?s={search_term_string}\"},\"query-input\":{\"@type\":\"PropertyValueSpecification\",\"valueRequired\":true,\"valueName\":\"search_term_string\"}}],\"inLanguage\":\"de-CH\"},{\"@type\":\"Organization\",\"@id\":\"https:\/\/www.medewo.com\/blog\/ch-de\/#organization\",\"name\":\"MEDEWO\",\"url\":\"https:\/\/www.medewo.com\/blog\/ch-de\/\",\"logo\":{\"@type\":\"ImageObject\",\"inLanguage\":\"de-CH\",\"@id\":\"https:\/\/www.medewo.com\/blog\/ch-de\/#\/schema\/logo\/image\/\",\"url\":\"https:\/\/www.medewo.com\/blog\/wp-content\/uploads\/2022\/03\/medewo-logo-claim-quer-2.png\",\"contentUrl\":\"https:\/\/www.medewo.com\/blog\/wp-content\/uploads\/2022\/03\/medewo-logo-claim-quer-2.png\",\"width\":350,\"height\":63,\"caption\":\"MEDEWO\"},\"image\":{\"@id\":\"https:\/\/www.medewo.com\/blog\/ch-de\/#\/schema\/logo\/image\/\"}}]}<\/script>\n<!-- \/ Yoast SEO plugin. -->","yoast_head_json":{"title":"Gratis-Ratgeber: Nachhaltigkeit im E-Commerce - MEDEWO Verpackungen","robots":{"index":"index","follow":"follow","max-snippet":"max-snippet:-1","max-image-preview":"max-image-preview:large","max-video-preview":"max-video-preview:-1"},"canonical":"https:\/\/www.medewo.com\/blog\/ch-de\/e-book-onlinehandel-nachhaltigkeit\/","og_locale":"de_DE","og_type":"article","og_title":"Gratis-Ratgeber: Nachhaltigkeit im E-Commerce - MEDEWO Verpackungen","og_description":"[vc_row][vc_column][vc_single_image image=&#187;32727&#8243; img_size=&#187;full&#187; css=&#187;&#187;][vc_empty_space][vc_column_text css=&#187;&#187;] Gratis Handbuch f\u00fcr nachhaltiges Verpacken im Online Handel [\/vc_column_text][vc_empty_space][vc_empty_space height=&#187;10px&#187;][vc_column_text css=&#187;&#187;]Von Recycling und Kreislaufwirtschaft bis hin zu umweltfreundlichen Materialien und innovativen Verpackungstechniken \u2013 wir bieten praktische Tipps und Beispiele, wie Sie in Ihrem Onlinehandel Verpackungsmaterialien reduzieren, Ihre \u00f6kologische Bilanz verbessern und Kosten senken k\u00f6nnen. So wird Nachhaltigkeit f\u00fcr Sie zu&hellip;","og_url":"https:\/\/www.medewo.com\/blog\/ch-de\/e-book-onlinehandel-nachhaltigkeit\/","og_site_name":"MEDEWO Verpackungen","article_modified_time":"2024-07-08T11:58:16+00:00","og_image":[{"width":840,"height":559,"url":"https:\/\/www.medewo.com\/blog\/wp-content\/uploads\/2024\/06\/hb_Whitepaper-Nachhaltigkeit.png","type":"image\/png"}],"twitter_card":"summary_large_image","twitter_misc":{"Gesch\u00e4tzte Lesezeit":"3\u00a0Minuten"},"schema":{"@context":"https:\/\/schema.org","@graph":[{"@type":"WebPage","@id":"https:\/\/www.medewo.com\/blog\/ch-de\/e-book-onlinehandel-nachhaltigkeit\/","url":"https:\/\/www.medewo.com\/blog\/ch-de\/e-book-onlinehandel-nachhaltigkeit\/","name":"Gratis-Ratgeber: Nachhaltigkeit im E-Commerce - MEDEWO Verpackungen","isPartOf":{"@id":"https:\/\/www.medewo.com\/blog\/ch-de\/#website"},"primaryImageOfPage":{"@id":"https:\/\/www.medewo.com\/blog\/ch-de\/e-book-onlinehandel-nachhaltigkeit\/#primaryimage"},"image":{"@id":"https:\/\/www.medewo.com\/blog\/ch-de\/e-book-onlinehandel-nachhaltigkeit\/#primaryimage"},"thumbnailUrl":"https:\/\/www.medewo.com\/blog\/wp-content\/uploads\/2024\/06\/hb_Whitepaper-Nachhaltigkeit.png","datePublished":"2024-06-10T09:59:40+00:00","dateModified":"2024-07-08T11:58:16+00:00","breadcrumb":{"@id":"https:\/\/www.medewo.com\/blog\/ch-de\/e-book-onlinehandel-nachhaltigkeit\/#breadcrumb"},"inLanguage":"de-CH","potentialAction":[{"@type":"ReadAction","target":["https:\/\/www.medewo.com\/blog\/ch-de\/e-book-onlinehandel-nachhaltigkeit\/"]}]},{"@type":"ImageObject","inLanguage":"de-CH","@id":"https:\/\/www.medewo.com\/blog\/ch-de\/e-book-onlinehandel-nachhaltigkeit\/#primaryimage","url":"https:\/\/www.medewo.com\/blog\/wp-content\/uploads\/2024\/06\/hb_Whitepaper-Nachhaltigkeit.png","contentUrl":"https:\/\/www.medewo.com\/blog\/wp-content\/uploads\/2024\/06\/hb_Whitepaper-Nachhaltigkeit.png","width":840,"height":559,"caption":"Whitepaper-Nachhaltigkeit"},{"@type":"BreadcrumbList","@id":"https:\/\/www.medewo.com\/blog\/ch-de\/e-book-onlinehandel-nachhaltigkeit\/#breadcrumb","itemListElement":[{"@type":"ListItem","position":1,"name":"Startseite","item":"https:\/\/www.medewo.com\/blog\/ch-de\/"},{"@type":"ListItem","position":2,"name":"Gratis-Ratgeber: Nachhaltigkeit im E-Commerce"}]},{"@type":"WebSite","@id":"https:\/\/www.medewo.com\/blog\/ch-de\/#website","url":"https:\/\/www.medewo.com\/blog\/ch-de\/","name":"MEDEWO Verpackungen","description":"News","publisher":{"@id":"https:\/\/www.medewo.com\/blog\/ch-de\/#organization"},"potentialAction":[{"@type":"SearchAction","target":{"@type":"EntryPoint","urlTemplate":"https:\/\/www.medewo.com\/blog\/ch-de\/?s={search_term_string}"},"query-input":{"@type":"PropertyValueSpecification","valueRequired":true,"valueName":"search_term_string"}}],"inLanguage":"de-CH"},{"@type":"Organization","@id":"https:\/\/www.medewo.com\/blog\/ch-de\/#organization","name":"MEDEWO","url":"https:\/\/www.medewo.com\/blog\/ch-de\/","logo":{"@type":"ImageObject","inLanguage":"de-CH","@id":"https:\/\/www.medewo.com\/blog\/ch-de\/#\/schema\/logo\/image\/","url":"https:\/\/www.medewo.com\/blog\/wp-content\/uploads\/2022\/03\/medewo-logo-claim-quer-2.png","contentUrl":"https:\/\/www.medewo.com\/blog\/wp-content\/uploads\/2022\/03\/medewo-logo-claim-quer-2.png","width":350,"height":63,"caption":"MEDEWO"},"image":{"@id":"https:\/\/www.medewo.com\/blog\/ch-de\/#\/schema\/logo\/image\/"}}]}},"_links":{"self":[{"href":"https:\/\/www.medewo.com\/blog\/ch-de\/wp-json\/wp\/v2\/pages\/32717","targetHints":{"allow":["GET"]}}],"collection":[{"href":"https:\/\/www.medewo.com\/blog\/ch-de\/wp-json\/wp\/v2\/pages"}],"about":[{"href":"https:\/\/www.medewo.com\/blog\/ch-de\/wp-json\/wp\/v2\/types\/page"}],"author":[{"embeddable":true,"href":"https:\/\/www.medewo.com\/blog\/ch-de\/wp-json\/wp\/v2\/users\/46"}],"replies":[{"embeddable":true,"href":"https:\/\/www.medewo.com\/blog\/ch-de\/wp-json\/wp\/v2\/comments?post=32717"}],"version-history":[{"count":15,"href":"https:\/\/www.medewo.com\/blog\/ch-de\/wp-json\/wp\/v2\/pages\/32717\/revisions"}],"predecessor-version":[{"id":33215,"href":"https:\/\/www.medewo.com\/blog\/ch-de\/wp-json\/wp\/v2\/pages\/32717\/revisions\/33215"}],"wp:featuredmedia":[{"embeddable":true,"href":"https:\/\/www.medewo.com\/blog\/ch-de\/wp-json\/wp\/v2\/media\/32780"}],"wp:attachment":[{"href":"https:\/\/www.medewo.com\/blog\/ch-de\/wp-json\/wp\/v2\/media?parent=32717"}],"curies":[{"name":"wp","href":"https:\/\/api.w.org\/{rel}","templated":true}]}}