{"id":10926,"date":"2020-02-06T15:00:34","date_gmt":"2020-02-06T14:00:34","guid":{"rendered":"https:\/\/www.medewo.com\/blog\/ueber-medewo\/"},"modified":"2025-11-24T08:34:55","modified_gmt":"2025-11-24T07:34:55","slug":"ueber-medewo","status":"publish","type":"page","link":"https:\/\/www.medewo.com\/blog\/at\/ueber-medewo\/","title":{"rendered":"\u00dcber MEDEWO"},"content":{"rendered":"<div class=\"wpb-content-wrapper\"><p>[vc_row][vc_column][vc_column_text css=&#8220;&#8220;]<\/p>\r\n<h2 class=\"wp-block-heading\">\u00dcber 40 Jahre Verpackungs-Erfahrung<\/h2>\r\n<!-- \/wp:post-content -->\r\n<p><!-- wp:paragraph -->Als international t\u00e4tiges, mittelst\u00e4ndisches Familienunternehmen erhalten Sie bei uns hohe Kontinuit\u00e4t, beste Produkt- und Beratungsqualit\u00e4t, schnelle Lieferung sowie g\u00fcnstige Preise.<\/p>\r\n<!-- \/wp:paragraph -->\r\n<p><!-- wp:paragraph -->Die Menschen bei MEDEWO besch\u00e4ftigen sich seit Jahrzehnten mit allem, was Sie brauchen, um Produkte optimal zu lagern, effizient zu verpacken oder sicher zu transportieren. Der t\u00e4gliche kompetente und umfassende Einsatz f\u00fcr Ihre Anliegen ist f\u00fcr uns eine Selbstverst\u00e4ndlichkeit. Dabei ist unser Fokus, dass Ihre Bed\u00fcrfnisse schnell, in guter Qualit\u00e4t und im optimalen Preis-Leistungs- Verh\u00e4ltnis erf\u00fcllt werden.<\/p>\r\n<!-- \/wp:paragraph -->\r\n<p><!-- wp:paragraph -->Ihr Dennis Gu\u00dfen<br \/>Leitung Verkauf MEDEWO DACH<br \/>Mgl. d. Gesch\u00e4ftsleitung<\/p>\r\n<!-- \/wp:paragraph -->\r\n<p>&nbsp;<\/p>\r\n<!-- wp:spacer {\"height\":\"30px\"} -->\r\n<div class=\"wp-block-spacer\" style=\"height: 30px;\" aria-hidden=\"true\">\u00a0<\/div>\r\n<!-- \/wp:spacer -->\r\n<div>\r\n<p><a name=\"leitbild\"><\/a><\/p>\r\n<hr \/>\r\n<h2>Worauf Sie sich verlassen k\u00f6nnen!<\/h2>\r\n<h3><strong>Vertrauen ist die Basis einer jeden guten Beziehung. Das Leitbild mit seinen Werten und Zielen ist die Basis unserer Beziehung zu Ihnen. Das ist wichtig. Es gibt Ihnen die Sicherheit, den richtigen Partner f\u00fcr Verpackungen gefunden zu haben. Und Vorteile bringt es viele.<\/strong><\/h3>\r\n<h3><strong>Von Bildern und Leit-Bildern<\/strong><\/h3>\r\n<p>Weil Leitbilder allzu oft nur nette farbige Bilder an B\u00fcrow\u00e4nden sind, haben wir uns entschlossen, unser neues Leitbild zusammen mit allen Mitarbeitenden zu entwickeln. Denn was n\u00fctzt das wohlklingendste Leitbild, wenn es in den oberen Etagen mit bester Absicht erdacht wird aber nicht bei den Menschen ankommt. Also haben wir alle ins Boot geholt, weil wir eben auch alle auf diesem Boot rudern, lenken und Dienste leisten.<br \/>Sie als Kunde profitieren von dieser aufw\u00e4ndigen und ungew\u00f6hnlichen Ma\u00dfnahme gleich doppelt, denn einmal haben wir ein verl\u00e4ssliches Leitbild, das die Grundlage unseres Handelns und unserer Werte definiert und zum anderen stehen alle 240 Mitarbeitenden in der MEDEWO-Gruppe geschlossen dahinter. Und darauf k\u00f6nnen Sie sich eben verlassen.<\/p>\r\n<h3><strong>Ein Leitbild der Mitarbeitenden entsteht<\/strong><\/h3>\r\n<p>Es war ein denkw\u00fcrdiger Tag, als die Eigner und der Verwaltungsrat der MEDEWO vertrauensvoll beschlossen, das neue Leitbild aus der Mitte der Besch\u00e4ftigten entwickeln zu lassen. Gegenseitiges Vertrauen ist in unserem Familienunternehmen ein wichtiger Faktor. So wurden \u00fcber ein Jahr lang in Deutschland, \u00d6sterreich und der Schweiz fast 100 Workshop-Stunden investiert. Wir legten unsere Ziele fest, wir haben definiert, was wir wie f\u00fcr wen tun, wof\u00fcr wir stehen und vor allem wie wir miteinander leben wollen. Auf das Ergebnis sind wir stolz und Sie sehen es weiter unten!<\/p>\r\n<h3><strong>Wir leben unser Leitbild<\/strong><\/h3>\r\n<p>Alle Mitarbeitenden, die t\u00e4glich f\u00fcr Sie im Einsatz sind, verk\u00f6rpern unser Leitbild. Als Kunde erfahren Sie diesen gemeinsamen Geist in der Art, wie wir Sie umfassend und pers\u00f6nlich beraten, wie Ihre Ware sicher verpackt wird, wie schnell die Lieferungen bei Ihnen ankommen und wie verl\u00e4sslich unsere Kataloge und Webseiten aufbereitet werden.<\/p>\r\n<h3><strong>Der Kunde im Mittelpunkt<\/strong><\/h3>\r\n<p>Erfolg in der Zusammenarbeit entsteht nur da, wo es Vertrauen gibt und Vertrauen k\u00f6nnen Sie uns nur, wenn wir f\u00fcr Sie einsch\u00e4tzbar sind. Das Leitbild zeigt ganz offen und transparent, mit wem Sie arbeiten und was Sie erwarten d\u00fcrfen. Seit \u00fcber 35 Jahren kennen wir uns mit Verpackungen aus, doch viel wichtiger, seit \u00fcber 35 Jahren gestalten wir vertrauensvolle Kundenbeziehungen. Das Leitbild ist eine offene dargebotene Hand, die Sie einl\u00e4dt, mit einem soliden und verl\u00e4sslichen Familien-KMU zu arbeiten.<\/p>\r\n<p><strong>Das bringt f\u00fcr Sie viele Vorteile:<\/strong><\/p>\r\n<ul>\r\n<li>Sie arbeiten mit einem erfahrenen und leistungsstarken Berater zusammen und erhalten dadurch <strong>beste Verpackungsl\u00f6sungen zum optimalen Preis<\/strong><\/li>\r\n<li>Sie k\u00f6nnen sich auf zertifizierte und flie\u00dfende Prozesse bei uns verlassen und profitieren dadurch von schneller<strong> termingerechter Lieferung.<\/strong><\/li>\r\n<li>Wir kennen uns f\u00fcr Sie im Verpackungsmarkt aus, damit Sie keine technische Innovation verpassen. Sie sind damit <strong>stets auf dem aktuellsten Sicherheitsstandard f\u00fcr Ihre Verpackungen.<\/strong><\/li>\r\n<li>Sie k\u00f6nnen sich auf ein faires Familienunternehmen einstellen und profitieren von kulanten, <strong>flexiblen und einfachen L\u00f6sungen.<\/strong><\/li>\r\n<\/ul>\r\n<p><strong>Daf\u00fcr stehen wir ein. Danke, dass Sie uns Ihr Vertrauen schenken.<\/strong><\/p>\r\n<h2>Unser Leitbild<\/h2>\r\n<p style=\"text-align: center;\"><img decoding=\"async\" class=\"alignnone wp-image-1247 size-full\" src=\"https:\/\/www.medewo.com\/blog\/wp-content\/uploads\/MEDEWO-Leitbild.jpg\" alt=\"MEDEWO Leitbild\" width=\"960\" height=\"679\" \/><\/p>\r\n<\/div>\r\n<p>[\/vc_column_text][\/vc_column][\/vc_row]<\/p><\/div>","protected":false},"excerpt":{"rendered":"<p>[vc_row][vc_column][vc_column_text css=&#8220;&#8220;] \u00dcber 40 Jahre Verpackungs-Erfahrung Als international t\u00e4tiges, mittelst\u00e4ndisches Familienunternehmen erhalten Sie bei uns hohe Kontinuit\u00e4t, beste Produkt- und Beratungsqualit\u00e4t, schnelle Lieferung sowie g\u00fcnstige Preise. Die Menschen bei MEDEWO besch\u00e4ftigen sich seit Jahrzehnten mit allem, was Sie brauchen, um Produkte optimal zu lagern, effizient zu verpacken oder sicher zu transportieren. Der t\u00e4gliche kompetente und&hellip;<\/p>\n","protected":false},"author":1,"featured_media":0,"parent":0,"menu_order":0,"comment_status":"closed","ping_status":"closed","template":"","meta":{"pgc_sgb_lightbox_settings":"","footnotes":""},"class_list":["post-10926","page","type-page","status-publish","hentry","description-off"],"yoast_head":"<!-- This site is optimized with the Yoast SEO plugin v27.1.1 - https:\/\/yoast.com\/product\/yoast-seo-wordpress\/ -->\n<title>\u00dcber MEDEWO - MEDEWO Verpackungen<\/title>\n<meta name=\"description\" content=\"35 Jahre Verpackungs-Erfahrung - bei uns erhalten Sie hohe Kontinuit\u00e4t, beste Produkt- &amp; Beratungsqualit\u00e4t, schnelle Lieferung sowie g\u00fcnstige Preise.\" \/>\n<meta name=\"robots\" content=\"index, follow, max-snippet:-1, max-image-preview:large, max-video-preview:-1\" \/>\n<link rel=\"canonical\" href=\"https:\/\/www.medewo.com\/blog\/at\/ueber-medewo\/\" \/>\n<meta property=\"og:locale\" content=\"de_DE\" \/>\n<meta property=\"og:type\" content=\"article\" \/>\n<meta property=\"og:title\" content=\"\u00dcber MEDEWO - MEDEWO Verpackungen\" \/>\n<meta property=\"og:description\" content=\"35 Jahre Verpackungs-Erfahrung - bei uns erhalten Sie hohe Kontinuit\u00e4t, beste Produkt- &amp; Beratungsqualit\u00e4t, schnelle Lieferung sowie g\u00fcnstige Preise.\" \/>\n<meta property=\"og:url\" content=\"https:\/\/www.medewo.com\/blog\/at\/ueber-medewo\/\" \/>\n<meta property=\"og:site_name\" content=\"MEDEWO Verpackungen\" \/>\n<meta property=\"article:modified_time\" content=\"2025-11-24T07:34:55+00:00\" \/>\n<meta property=\"og:image\" content=\"https:\/\/www.medewo.com\/blog\/wp-content\/uploads\/MEDEWO-Leitbild.jpg\" \/>\n<meta name=\"twitter:card\" content=\"summary_large_image\" \/>\n<meta name=\"twitter:label1\" content=\"Gesch\u00e4tzte Lesezeit\" \/>\n\t<meta name=\"twitter:data1\" content=\"4 Minuten\" \/>\n<script type=\"application\/ld+json\" class=\"yoast-schema-graph\">{\"@context\":\"https:\/\/schema.org\",\"@graph\":[{\"@type\":\"WebPage\",\"@id\":\"https:\/\/www.medewo.com\/blog\/at\/ueber-medewo\/\",\"url\":\"https:\/\/www.medewo.com\/blog\/at\/ueber-medewo\/\",\"name\":\"\u00dcber MEDEWO - MEDEWO Verpackungen\",\"isPartOf\":{\"@id\":\"https:\/\/www.medewo.com\/blog\/at\/#website\"},\"primaryImageOfPage\":{\"@id\":\"https:\/\/www.medewo.com\/blog\/at\/ueber-medewo\/#primaryimage\"},\"image\":{\"@id\":\"https:\/\/www.medewo.com\/blog\/at\/ueber-medewo\/#primaryimage\"},\"thumbnailUrl\":\"https:\/\/www.medewo.com\/blog\/wp-content\/uploads\/MEDEWO-Leitbild.jpg\",\"datePublished\":\"2020-02-06T14:00:34+00:00\",\"dateModified\":\"2025-11-24T07:34:55+00:00\",\"description\":\"35 Jahre Verpackungs-Erfahrung - bei uns erhalten Sie hohe Kontinuit\u00e4t, beste Produkt- & Beratungsqualit\u00e4t, schnelle Lieferung sowie g\u00fcnstige Preise.\",\"breadcrumb\":{\"@id\":\"https:\/\/www.medewo.com\/blog\/at\/ueber-medewo\/#breadcrumb\"},\"inLanguage\":\"de-AT\",\"potentialAction\":[{\"@type\":\"ReadAction\",\"target\":[\"https:\/\/www.medewo.com\/blog\/at\/ueber-medewo\/\"]}]},{\"@type\":\"ImageObject\",\"inLanguage\":\"de-AT\",\"@id\":\"https:\/\/www.medewo.com\/blog\/at\/ueber-medewo\/#primaryimage\",\"url\":\"https:\/\/www.medewo.com\/blog\/wp-content\/uploads\/MEDEWO-Leitbild.jpg\",\"contentUrl\":\"https:\/\/www.medewo.com\/blog\/wp-content\/uploads\/MEDEWO-Leitbild.jpg\"},{\"@type\":\"BreadcrumbList\",\"@id\":\"https:\/\/www.medewo.com\/blog\/at\/ueber-medewo\/#breadcrumb\",\"itemListElement\":[{\"@type\":\"ListItem\",\"position\":1,\"name\":\"Startseite\",\"item\":\"https:\/\/www.medewo.com\/blog\/at\/\"},{\"@type\":\"ListItem\",\"position\":2,\"name\":\"\u00dcber MEDEWO\"}]},{\"@type\":\"WebSite\",\"@id\":\"https:\/\/www.medewo.com\/blog\/at\/#website\",\"url\":\"https:\/\/www.medewo.com\/blog\/at\/\",\"name\":\"MEDEWO Verpackungen\",\"description\":\"News\",\"publisher\":{\"@id\":\"https:\/\/www.medewo.com\/blog\/at\/#organization\"},\"potentialAction\":[{\"@type\":\"SearchAction\",\"target\":{\"@type\":\"EntryPoint\",\"urlTemplate\":\"https:\/\/www.medewo.com\/blog\/at\/?s={search_term_string}\"},\"query-input\":{\"@type\":\"PropertyValueSpecification\",\"valueRequired\":true,\"valueName\":\"search_term_string\"}}],\"inLanguage\":\"de-AT\"},{\"@type\":\"Organization\",\"@id\":\"https:\/\/www.medewo.com\/blog\/at\/#organization\",\"name\":\"MEDEWO\",\"url\":\"https:\/\/www.medewo.com\/blog\/at\/\",\"logo\":{\"@type\":\"ImageObject\",\"inLanguage\":\"de-AT\",\"@id\":\"https:\/\/www.medewo.com\/blog\/at\/#\/schema\/logo\/image\/\",\"url\":\"https:\/\/www.medewo.com\/blog\/wp-content\/uploads\/2022\/03\/medewo-logo-claim-quer-2.png\",\"contentUrl\":\"https:\/\/www.medewo.com\/blog\/wp-content\/uploads\/2022\/03\/medewo-logo-claim-quer-2.png\",\"width\":350,\"height\":63,\"caption\":\"MEDEWO\"},\"image\":{\"@id\":\"https:\/\/www.medewo.com\/blog\/at\/#\/schema\/logo\/image\/\"}}]}<\/script>\n<!-- \/ Yoast SEO plugin. -->","yoast_head_json":{"title":"\u00dcber MEDEWO - MEDEWO Verpackungen","description":"35 Jahre Verpackungs-Erfahrung - bei uns erhalten Sie hohe Kontinuit\u00e4t, beste Produkt- & Beratungsqualit\u00e4t, schnelle Lieferung sowie g\u00fcnstige Preise.","robots":{"index":"index","follow":"follow","max-snippet":"max-snippet:-1","max-image-preview":"max-image-preview:large","max-video-preview":"max-video-preview:-1"},"canonical":"https:\/\/www.medewo.com\/blog\/at\/ueber-medewo\/","og_locale":"de_DE","og_type":"article","og_title":"\u00dcber MEDEWO - MEDEWO Verpackungen","og_description":"35 Jahre Verpackungs-Erfahrung - bei uns erhalten Sie hohe Kontinuit\u00e4t, beste Produkt- & Beratungsqualit\u00e4t, schnelle Lieferung sowie g\u00fcnstige Preise.","og_url":"https:\/\/www.medewo.com\/blog\/at\/ueber-medewo\/","og_site_name":"MEDEWO Verpackungen","article_modified_time":"2025-11-24T07:34:55+00:00","og_image":[{"url":"https:\/\/www.medewo.com\/blog\/wp-content\/uploads\/MEDEWO-Leitbild.jpg","type":"","width":"","height":""}],"twitter_card":"summary_large_image","twitter_misc":{"Gesch\u00e4tzte Lesezeit":"4 Minuten"},"schema":{"@context":"https:\/\/schema.org","@graph":[{"@type":"WebPage","@id":"https:\/\/www.medewo.com\/blog\/at\/ueber-medewo\/","url":"https:\/\/www.medewo.com\/blog\/at\/ueber-medewo\/","name":"\u00dcber MEDEWO - MEDEWO Verpackungen","isPartOf":{"@id":"https:\/\/www.medewo.com\/blog\/at\/#website"},"primaryImageOfPage":{"@id":"https:\/\/www.medewo.com\/blog\/at\/ueber-medewo\/#primaryimage"},"image":{"@id":"https:\/\/www.medewo.com\/blog\/at\/ueber-medewo\/#primaryimage"},"thumbnailUrl":"https:\/\/www.medewo.com\/blog\/wp-content\/uploads\/MEDEWO-Leitbild.jpg","datePublished":"2020-02-06T14:00:34+00:00","dateModified":"2025-11-24T07:34:55+00:00","description":"35 Jahre Verpackungs-Erfahrung - bei uns erhalten Sie hohe Kontinuit\u00e4t, beste Produkt- & Beratungsqualit\u00e4t, schnelle Lieferung sowie g\u00fcnstige Preise.","breadcrumb":{"@id":"https:\/\/www.medewo.com\/blog\/at\/ueber-medewo\/#breadcrumb"},"inLanguage":"de-AT","potentialAction":[{"@type":"ReadAction","target":["https:\/\/www.medewo.com\/blog\/at\/ueber-medewo\/"]}]},{"@type":"ImageObject","inLanguage":"de-AT","@id":"https:\/\/www.medewo.com\/blog\/at\/ueber-medewo\/#primaryimage","url":"https:\/\/www.medewo.com\/blog\/wp-content\/uploads\/MEDEWO-Leitbild.jpg","contentUrl":"https:\/\/www.medewo.com\/blog\/wp-content\/uploads\/MEDEWO-Leitbild.jpg"},{"@type":"BreadcrumbList","@id":"https:\/\/www.medewo.com\/blog\/at\/ueber-medewo\/#breadcrumb","itemListElement":[{"@type":"ListItem","position":1,"name":"Startseite","item":"https:\/\/www.medewo.com\/blog\/at\/"},{"@type":"ListItem","position":2,"name":"\u00dcber MEDEWO"}]},{"@type":"WebSite","@id":"https:\/\/www.medewo.com\/blog\/at\/#website","url":"https:\/\/www.medewo.com\/blog\/at\/","name":"MEDEWO Verpackungen","description":"News","publisher":{"@id":"https:\/\/www.medewo.com\/blog\/at\/#organization"},"potentialAction":[{"@type":"SearchAction","target":{"@type":"EntryPoint","urlTemplate":"https:\/\/www.medewo.com\/blog\/at\/?s={search_term_string}"},"query-input":{"@type":"PropertyValueSpecification","valueRequired":true,"valueName":"search_term_string"}}],"inLanguage":"de-AT"},{"@type":"Organization","@id":"https:\/\/www.medewo.com\/blog\/at\/#organization","name":"MEDEWO","url":"https:\/\/www.medewo.com\/blog\/at\/","logo":{"@type":"ImageObject","inLanguage":"de-AT","@id":"https:\/\/www.medewo.com\/blog\/at\/#\/schema\/logo\/image\/","url":"https:\/\/www.medewo.com\/blog\/wp-content\/uploads\/2022\/03\/medewo-logo-claim-quer-2.png","contentUrl":"https:\/\/www.medewo.com\/blog\/wp-content\/uploads\/2022\/03\/medewo-logo-claim-quer-2.png","width":350,"height":63,"caption":"MEDEWO"},"image":{"@id":"https:\/\/www.medewo.com\/blog\/at\/#\/schema\/logo\/image\/"}}]}},"_links":{"self":[{"href":"https:\/\/www.medewo.com\/blog\/at\/wp-json\/wp\/v2\/pages\/10926","targetHints":{"allow":["GET"]}}],"collection":[{"href":"https:\/\/www.medewo.com\/blog\/at\/wp-json\/wp\/v2\/pages"}],"about":[{"href":"https:\/\/www.medewo.com\/blog\/at\/wp-json\/wp\/v2\/types\/page"}],"author":[{"embeddable":true,"href":"https:\/\/www.medewo.com\/blog\/at\/wp-json\/wp\/v2\/users\/1"}],"replies":[{"embeddable":true,"href":"https:\/\/www.medewo.com\/blog\/at\/wp-json\/wp\/v2\/comments?post=10926"}],"version-history":[{"count":17,"href":"https:\/\/www.medewo.com\/blog\/at\/wp-json\/wp\/v2\/pages\/10926\/revisions"}],"predecessor-version":[{"id":36822,"href":"https:\/\/www.medewo.com\/blog\/at\/wp-json\/wp\/v2\/pages\/10926\/revisions\/36822"}],"wp:attachment":[{"href":"https:\/\/www.medewo.com\/blog\/at\/wp-json\/wp\/v2\/media?parent=10926"}],"curies":[{"name":"wp","href":"https:\/\/api.w.org\/{rel}","templated":true}]}}